{"id":51,"date":"2023-02-25T17:23:37","date_gmt":"2023-02-25T17:23:37","guid":{"rendered":"https:\/\/wordpress.mountainthemes.dev\/elysium\/?page_id=51"},"modified":"2025-05-27T16:45:22","modified_gmt":"2025-05-27T22:45:22","slug":"sobre-mi","status":"publish","type":"page","link":"https:\/\/ferdebuen.art\/es_es\/sobre-mi\/","title":{"rendered":"Sobre M\u00ed"},"content":{"rendered":"<div data-elementor-type=\"wp-page\" data-elementor-id=\"51\" class=\"elementor elementor-51\">\n\t\t\t\t\t\t<section class=\"has_eae_slider elementor-section elementor-top-section elementor-element elementor-element-b623e46 elementor-section-boxed elementor-section-height-default elementor-section-height-default\" data-id=\"b623e46\" data-element_type=\"section\">\n\t\t\t\t\t\t<div class=\"elementor-container elementor-column-gap-default\">\n\t\t\t\t\t<div class=\"has_eae_slider elementor-column elementor-col-50 elementor-top-column elementor-element elementor-element-50b36bc\" data-id=\"50b36bc\" data-element_type=\"column\">\n\t\t\t<div class=\"elementor-widget-wrap elementor-element-populated\">\n\t\t\t\t\t\t<div class=\"elementor-element elementor-element-9a2d8a0 elementor-widget elementor-widget-image\" data-id=\"9a2d8a0\" data-element_type=\"widget\" data-widget_type=\"image.default\">\n\t\t\t\t<div class=\"elementor-widget-container\">\n\t\t\t\t\t\t\t\t\t\t\t\t\t<img fetchpriority=\"high\" decoding=\"async\" width=\"706\" height=\"1308\" src=\"https:\/\/ferdebuen.art\/wp-content\/uploads\/2024\/11\/WhatsApp-Image-2024-11-18-at-11.04.55-1.jpeg\" class=\"attachment-full size-full wp-image-952\" alt=\"\" srcset=\"https:\/\/ferdebuen.art\/wp-content\/uploads\/2024\/11\/WhatsApp-Image-2024-11-18-at-11.04.55-1.jpeg 706w, https:\/\/ferdebuen.art\/wp-content\/uploads\/2024\/11\/WhatsApp-Image-2024-11-18-at-11.04.55-1-162x300.jpeg 162w, https:\/\/ferdebuen.art\/wp-content\/uploads\/2024\/11\/WhatsApp-Image-2024-11-18-at-11.04.55-1-553x1024.jpeg 553w, https:\/\/ferdebuen.art\/wp-content\/uploads\/2024\/11\/WhatsApp-Image-2024-11-18-at-11.04.55-1-500x926.jpeg 500w, https:\/\/ferdebuen.art\/wp-content\/uploads\/2024\/11\/WhatsApp-Image-2024-11-18-at-11.04.55-1-300x556.jpeg 300w, https:\/\/ferdebuen.art\/wp-content\/uploads\/2024\/11\/WhatsApp-Image-2024-11-18-at-11.04.55-1-600x1112.jpeg 600w\" sizes=\"(max-width: 706px) 100vw, 706px\" \/>\t\t\t\t\t\t\t\t\t\t\t\t\t<\/div>\n\t\t\t\t<\/div>\n\t\t\t\t\t<\/div>\n\t\t<\/div>\n\t\t\t\t<div class=\"has_eae_slider elementor-column elementor-col-50 elementor-top-column elementor-element elementor-element-40df351\" data-id=\"40df351\" data-element_type=\"column\">\n\t\t\t<div class=\"elementor-widget-wrap elementor-element-populated\">\n\t\t\t\t\t\t<div class=\"elementor-element elementor-element-8ac4c31 elementor-widget elementor-widget-heading\" data-id=\"8ac4c31\" data-element_type=\"widget\" data-widget_type=\"heading.default\">\n\t\t\t\t<div class=\"elementor-widget-container\">\n\t\t\t<h2 class=\"elementor-heading-title elementor-size-default\">ferdebuen <\/h2>\t\t<\/div>\n\t\t\t\t<\/div>\n\t\t\t\t<div class=\"elementor-element elementor-element-6b3c525 elementor-widget elementor-widget-text-editor\" data-id=\"6b3c525\" data-element_type=\"widget\" data-widget_type=\"text-editor.default\">\n\t\t\t\t<div class=\"elementor-widget-container\">\n\t\t\t\t\t\t\t<h3>Naci\u00f3 en la Ciudad de M\u00e9xico (1958) bajo el nombre de <strong>Fernando<\/strong><br><strong>de Buen Unna<\/strong>.<\/h3>\n<p>Realiz\u00f3 sus estudios de licenciatura en Dise\u00f1o de la Comunicaci\u00f3n Gr\u00e1fica, en la Universidad Aut\u00f3noma Metropolitana (Divisi\u00f3n Azcapotzalco), en la Ciudad de M\u00e9xico (1982).<\/p>\n<p>Su actividad profesional como dise\u00f1ador lo ha llevado a desarrollar una obsesiva curiosidad por conocer a fondo las posibilidades creativas de la expresi\u00f3n gr\u00e1fica, tanto f\u00edsica como digital, particularmente abstracta.<\/p>\n<p>En su b\u00fasqueda por encontrar nuevas formas de creaci\u00f3n digital, se dio a la investigaci\u00f3n del arte tridimensional digital desde los a\u00f1os 90 y, tres d\u00e9cadas adelante, se adentr\u00f3 en el arte generativo \u2014una forma de creaci\u00f3n visual bidimensional\u2014 y el arte procedu ral \u2014tridimensional \u2014, ambas t\u00e9cnicas basadas en la combinaci\u00f3n de algoritmos, tanto de formas como de colores, cuyos resultados destacan por ser impredecibles; se trata de formas que el artista debe atrapar&nbsp; \u2014descubrir\u2014 mientras las crea.<\/p>\n<p>Sus obras han sido y son exhibidas en las m\u00e1s importantes galer\u00edas virtuales del mundo, como SuperRare, Foundation, OpenSea, Rarible, Koda o Nifty Gateway, entre otras. Han sido expuestas digitalmente en exhibiciones en Berl\u00edn, Dub\u00e1i, Madrid y otras ciudades de Europa.<\/p>\n<p>Entre diciembre de 20024 y enero de 2025, <strong>Quimera Digital present\u00f3<\/strong>&nbsp;su primera exhibici\u00f3n de arte impreso digital, basado en arte generativo, procedural, tridimensional, o la combinaci\u00f3n de dos o tres de estas t\u00e9cnicas.<\/p>\n<p>Actualmente, algunas de sus obras se exhiben en la <b>Galer\u00eda SkyTower<\/b>, en Insurgentes Norte 86, Col. Tabacalera.<\/p>\t\t\t\t\t\t<\/div>\n\t\t\t\t<\/div>\n\t\t\t\t\t<\/div>\n\t\t<\/div>\n\t\t\t\t\t<\/div>\n\t\t<\/section>\n\t\t\t\t<\/div>","protected":false},"excerpt":{"rendered":"<p>ferdebuen Naci\u00f3 en la Ciudad de M\u00e9xico (1958) bajo el nombre de Fernandode Buen Unna. Realiz\u00f3 sus estudios de licenciatura en Dise\u00f1o de la Comunicaci\u00f3n Gr\u00e1fica, en la Universidad Aut\u00f3noma Metropolitana (Divisi\u00f3n Azcapotzalco), en la Ciudad de M\u00e9xico (1982). Su actividad profesional como dise\u00f1ador lo ha llevado a desarrollar una obsesiva curiosidad por conocer a fondo las posibilidades creativas de &#8230;<\/p>\n<div class=\"post-button\">\n\t\t\t   <a href=\"https:\/\/ferdebuen.art\/es_es\/sobre-mi\/\">Read More<\/a>\n\t\t\t<\/div>","protected":false},"author":1,"featured_media":0,"parent":0,"menu_order":0,"comment_status":"closed","ping_status":"closed","template":"template-page.php","meta":{"_acf_changed":false,"_vp_format_video_url":"","_vp_image_focal_point":[],"footnotes":""},"class_list":["post-51","page","type-page","status-publish","hentry"],"acf":[],"jetpack_sharing_enabled":true,"_links":{"self":[{"href":"https:\/\/ferdebuen.art\/es_es\/wp-json\/wp\/v2\/pages\/51","targetHints":{"allow":["GET"]}}],"collection":[{"href":"https:\/\/ferdebuen.art\/es_es\/wp-json\/wp\/v2\/pages"}],"about":[{"href":"https:\/\/ferdebuen.art\/es_es\/wp-json\/wp\/v2\/types\/page"}],"author":[{"embeddable":true,"href":"https:\/\/ferdebuen.art\/es_es\/wp-json\/wp\/v2\/users\/1"}],"replies":[{"embeddable":true,"href":"https:\/\/ferdebuen.art\/es_es\/wp-json\/wp\/v2\/comments?post=51"}],"version-history":[{"count":30,"href":"https:\/\/ferdebuen.art\/es_es\/wp-json\/wp\/v2\/pages\/51\/revisions"}],"predecessor-version":[{"id":1292,"href":"https:\/\/ferdebuen.art\/es_es\/wp-json\/wp\/v2\/pages\/51\/revisions\/1292"}],"wp:attachment":[{"href":"https:\/\/ferdebuen.art\/es_es\/wp-json\/wp\/v2\/media?parent=51"}],"curies":[{"name":"wp","href":"https:\/\/api.w.org\/{rel}","templated":true}]}}