{"id":905,"date":"2024-11-14T19:04:44","date_gmt":"2024-11-14T19:04:44","guid":{"rendered":"https:\/\/ferdebuen.art\/?post_type=product&#038;p=905"},"modified":"2025-05-27T15:32:11","modified_gmt":"2025-05-27T21:32:11","slug":"topografia-188","status":"publish","type":"product","link":"https:\/\/ferdebuen.art\/es_es\/producto\/topografia-188\/","title":{"rendered":"Topograf\u00eda 188"},"content":{"rendered":"","protected":false},"excerpt":{"rendered":"<p>Cada pieza est\u00e1 impresa en 60 x 60 cm (70 x 70 cm con marialuisa) en alta resoluci\u00f3n (1440 x 1440 puntos por pulgada).<\/p>","protected":false},"featured_media":906,"comment_status":"open","ping_status":"closed","template":"","meta":{"_acf_changed":false,"_vp_format_video_url":"","_vp_image_focal_point":[]},"product_cat":[50],"product_tag":[],"class_list":{"0":"post-905","1":"product","2":"type-product","3":"status-publish","4":"has-post-thumbnail","6":"product_cat-topografias","8":"first","9":"instock","10":"shipping-taxable","11":"purchasable","12":"product-type-variable"},"acf":[],"jetpack_sharing_enabled":true,"_links":{"self":[{"href":"https:\/\/ferdebuen.art\/es_es\/wp-json\/wp\/v2\/product\/905","targetHints":{"allow":["GET"]}}],"collection":[{"href":"https:\/\/ferdebuen.art\/es_es\/wp-json\/wp\/v2\/product"}],"about":[{"href":"https:\/\/ferdebuen.art\/es_es\/wp-json\/wp\/v2\/types\/product"}],"replies":[{"embeddable":true,"href":"https:\/\/ferdebuen.art\/es_es\/wp-json\/wp\/v2\/comments?post=905"}],"wp:featuredmedia":[{"embeddable":true,"href":"https:\/\/ferdebuen.art\/es_es\/wp-json\/wp\/v2\/media\/906"}],"wp:attachment":[{"href":"https:\/\/ferdebuen.art\/es_es\/wp-json\/wp\/v2\/media?parent=905"}],"wp:term":[{"taxonomy":"product_cat","embeddable":true,"href":"https:\/\/ferdebuen.art\/es_es\/wp-json\/wp\/v2\/product_cat?post=905"},{"taxonomy":"product_tag","embeddable":true,"href":"https:\/\/ferdebuen.art\/es_es\/wp-json\/wp\/v2\/product_tag?post=905"}],"curies":[{"name":"wp","href":"https:\/\/api.w.org\/{rel}","templated":true}]}}